{"id":10,"date":"2024-03-22T12:18:36","date_gmt":"2024-03-22T12:18:36","guid":{"rendered":"https:\/\/kalendarz-nauczyciela.pl\/?page_id=10"},"modified":"2024-03-22T13:47:38","modified_gmt":"2024-03-22T13:47:38","slug":"informacje","status":"publish","type":"page","link":"https:\/\/kalendarz-nauczyciela.pl\/","title":{"rendered":"Informacje"},"content":{"rendered":"\n<p><br>\u00a0<\/p>\n\n\n\n<div class=\"wp-block-columns is-layout-flex wp-container-core-columns-is-layout-9d6595d7 wp-block-columns-is-layout-flex\">\n<div class=\"wp-block-column is-layout-flow wp-block-column-is-layout-flow\" style=\"flex-basis:200px\">\n<figure class=\"wp-block-image size-full is-resized\"><img loading=\"lazy\" decoding=\"async\" width=\"457\" height=\"800\" src=\"https:\/\/kalendarz-nauczyciela.pl\/wp-content\/uploads\/2024\/03\/kalendarz_nauczyciela_vivella_czerwony.jpg\" alt=\"\" class=\"wp-image-46\" style=\"width:150px\" srcset=\"https:\/\/kalendarz-nauczyciela.pl\/wp-content\/uploads\/2024\/03\/kalendarz_nauczyciela_vivella_czerwony.jpg 457w, https:\/\/kalendarz-nauczyciela.pl\/wp-content\/uploads\/2024\/03\/kalendarz_nauczyciela_vivella_czerwony-171x300.jpg 171w\" sizes=\"auto, (max-width: 457px) 100vw, 457px\" \/><\/figure>\n\n\n\n<figure class=\"wp-block-image size-full is-resized\"><img loading=\"lazy\" decoding=\"async\" width=\"457\" height=\"800\" src=\"https:\/\/kalendarz-nauczyciela.pl\/wp-content\/uploads\/2024\/03\/kalendarz_nauczyciela_granatowy.jpg\" alt=\"\" class=\"wp-image-45\" style=\"width:150px\" srcset=\"https:\/\/kalendarz-nauczyciela.pl\/wp-content\/uploads\/2024\/03\/kalendarz_nauczyciela_granatowy.jpg 457w, https:\/\/kalendarz-nauczyciela.pl\/wp-content\/uploads\/2024\/03\/kalendarz_nauczyciela_granatowy-171x300.jpg 171w\" sizes=\"auto, (max-width: 457px) 100vw, 457px\" \/><\/figure>\n\n\n\n<figure class=\"wp-block-image size-full is-resized\"><img loading=\"lazy\" decoding=\"async\" width=\"127\" height=\"200\" src=\"https:\/\/kalendarz-nauczyciela.pl\/wp-content\/uploads\/2024\/03\/kalendarz_nauczyciela_zielony_z_gumka.jpg\" alt=\"\" class=\"wp-image-47\" style=\"width:150px\"\/><\/figure>\n<\/div>\n\n\n\n<div class=\"wp-block-column is-layout-flow wp-block-column-is-layout-flow\" style=\"flex-basis:50%\">\n<p><a href=\"https:\/\/drukarnia.chorzow.pl\/k82_103_118-kalendarze-nauczyciela.htm\">\u2192 &nbsp; Zobacz pe\u0142n\u0105 ofert\u0119 i zam\u00f3w OnLine &nbsp; \u2190<\/a><\/p>\n\n\n\n<p><strong>Kalendarze nauczyciela (nauczycielskie) w ok\u0142adce sk\u00f3ropodobnej<\/strong>&nbsp; wykonane s\u0105 z trwa\u0142ego materia\u0142u przeznaczonego do wielokrotnego, codziennego u\u017cytku. Kalendarze nauczyciela zawieraj\u0105 szereg niezb\u0119dnych formularzy oraz kart informacyjnych przydatnych nauczycielom:<\/p>\n\n\n\n<ul class=\"wp-block-list\">\n<li>plan roku 2024\/2025,<\/li>\n\n\n\n<li>kalendarium 2024\/2025,<\/li>\n\n\n\n<li>wykaz wa\u017cniejszych ustaw dot. o\u015bwiaty,<\/li>\n\n\n\n<li>organizacj\u0119 roku szkolnego 2024\/2025,<\/li>\n\n\n\n<li>terminy posiedze\u0144 Rady pedagogicznej,<\/li>\n\n\n\n<li>terminy zebra\u0144 z rodzicami,<\/li>\n\n\n\n<li>plan lekcji nauczyciela,<\/li>\n\n\n\n<li>informacje o uczniach,<\/li>\n\n\n\n<li>tabele ocen,<\/li>\n\n\n\n<li>finanse klasowe,<\/li>\n\n\n\n<li>skorowidz teleadresowy,<\/li>\n\n\n\n<li>dost\u0119pne kolory ok\u0142adki: czarny, granatowy, bordowy, zielony, br\u0105zowy, seledynowy, czerwony.<\/li>\n<\/ul>\n\n\n\n<p>Terminarz nauczycielski ma format A5 w uk\u0142adzie tygodniowym.<\/p>\n\n\n\n<p>W ofercie &#8211;&nbsp;<a href=\"https:\/\/drukarnia.chorzow.pl\/k82_103_118-kalendarze-nauczyciela.htm\"><strong>kalendarze nauczyciela na rok 2024\/2025<\/strong>&nbsp;<\/a>posiadamy 2 modele:<\/p>\n\n\n\n<ul class=\"wp-block-list\">\n<li><a href=\"https:\/\/drukarnia.chorzow.pl\/p2140-kalendarz-nauczycielski-a5-vivella.htm\">kalendarze nauczyciela z ok\u0142adk\u0105 sk\u00f3ropodobn\u0105 A5<\/a>&#8211; VIVELLA<\/li>\n\n\n\n<li><a href=\"https:\/\/drukarnia.chorzow.pl\/p3899-kalendarz-nauczycielski-b5-vivella.htm\">kalendarze nauczyciela z ok\u0142adk\u0105 sk\u00f3ropodobn\u0105 B5&nbsp;<\/a>&#8211; VIVELLA<\/li>\n<\/ul>\n\n\n\n<p>Ok\u0142adka w kalendarzach nauczyciela VIVELLA mo\u017ce by\u0107 znakowana laserem. Firma NotaPress wykonuje takie znakowanie na zam\u00f3wienie. Kalendarz z wygrawerowanym imieniem i okoliczno\u015bciow\u0105 dat\u0105 lub logo szko\u0142y, to znakomity prezent dla kole\u017canki lub kolegi po fachu.<\/p>\n\n\n\n<p><strong>Kalendarze nauczyciela na rok 2024\/2025<\/strong>&nbsp;s\u0105 dost\u0119pn\u0119 w naszym sklepie&nbsp;<strong><a href=\"https:\/\/drukarnia.chorzow.pl\/k82_103_118-kalendarze-nauczyciela.htm\"><u>TUTAJ<\/u><\/a><\/strong>, a wycen\u0119 i zakup mo\u017cna zrobi\u0107 online (od r\u0119ki).<br>&nbsp;<\/p>\n<\/div>\n<\/div>\n\n\n\n<div class=\"wp-block-columns is-layout-flex wp-container-core-columns-is-layout-9d6595d7 wp-block-columns-is-layout-flex\">\n<div class=\"wp-block-column is-layout-flow wp-block-column-is-layout-flow\" style=\"flex-basis:45%\">\n<h6 class=\"wp-block-heading\"><strong>Kalendarze nauczyciela w ok\u0142adce ze sztucznego tworzywa &#8211; PCV<\/strong><\/h6>\n\n\n\n<p><br><strong>Kalendarze nauczycielskie (nauczyciela) w ok\u0142adce PCV<\/strong>\u00a0 podobnie jak model VIVELLA wykonane s\u0105 z trwa\u0142ego materia\u0142u przeznaczonego do wielokrotnego, codziennego u\u017cytku. Kalendarze nauczycielskie PCV zawieraj\u0105 szereg niezb\u0119dnych formularzy oraz kart informacyjnych przydatnych nauczycielom:<\/p>\n\n\n\n<ul class=\"wp-block-list\">\n<li>plan roku 2024\/2025,<\/li>\n\n\n\n<li>kalendarium 2024\/2025,<\/li>\n\n\n\n<li>uk\u0142ad tygodniowy,<\/li>\n\n\n\n<li>wykaz wa\u017cniejszych ustaw dot. o\u015bwiaty,<\/li>\n\n\n\n<li>organizacj\u0119 roku szkolnego 2024\/2025<\/li>\n\n\n\n<li>terminy posiedze\u0144 Rady pedagogicznej,<\/li>\n\n\n\n<li>terminy zebra\u0144 z rodzicami,<\/li>\n\n\n\n<li>plan lekcji nauczyciela,<\/li>\n\n\n\n<li>informacje o uczniach,<\/li>\n\n\n\n<li>tabele ocen,<\/li>\n\n\n\n<li>finanse klasowe,<\/li>\n\n\n\n<li>skorowidz teleadresowy,<\/li>\n<\/ul>\n\n\n\n<p>Dost\u0119pne kolory ok\u0142adki: <strong>czarny<\/strong>, <strong><mark style=\"background-color:rgba(0, 0, 0, 0)\" class=\"has-inline-color has-vivid-cyan-blue-color\">granatowy,<\/mark> <mark style=\"background-color:rgba(0, 0, 0, 0)\" class=\"has-inline-color has-vivid-red-color\">bordowy<\/mark>, <mark style=\"background-color:rgba(0, 0, 0, 0)\" class=\"has-inline-color has-vivid-green-cyan-color\">zielony<\/mark>.<\/strong> <\/p>\n\n\n\n<h6 class=\"wp-block-heading\"><strong>Terminarz nauczycielski ma format A5 w uk\u0142adzie tygodniowym.<\/strong><\/h6>\n\n\n<div class=\"wp-block-image\">\n<figure class=\"aligncenter size-full is-resized\"><img loading=\"lazy\" decoding=\"async\" width=\"500\" height=\"355\" src=\"https:\/\/kalendarz-nauczyciela.pl\/wp-content\/uploads\/2024\/03\/Kalendarze_nauczyciela_tygodniowy.jpg\" alt=\"\" class=\"wp-image-82\" style=\"width:432px;height:auto\" srcset=\"https:\/\/kalendarz-nauczyciela.pl\/wp-content\/uploads\/2024\/03\/Kalendarze_nauczyciela_tygodniowy.jpg 500w, https:\/\/kalendarz-nauczyciela.pl\/wp-content\/uploads\/2024\/03\/Kalendarze_nauczyciela_tygodniowy-300x213.jpg 300w\" sizes=\"auto, (max-width: 500px) 100vw, 500px\" \/><\/figure>\n<\/div><\/div>\n\n\n\n<div class=\"wp-block-column is-layout-flow wp-block-column-is-layout-flow\" style=\"flex-basis:50%\">\n<figure class=\"wp-block-image size-full\"><img loading=\"lazy\" decoding=\"async\" width=\"152\" height=\"250\" src=\"https:\/\/kalendarz-nauczyciela.pl\/wp-content\/uploads\/2024\/03\/Kalendarze_nauczyciela_pomaranczowe_pcv.jpg\" alt=\"\" class=\"wp-image-50\"\/><\/figure>\n\n\n\n<figure class=\"wp-block-image size-full\"><img loading=\"lazy\" decoding=\"async\" width=\"152\" height=\"250\" src=\"https:\/\/kalendarz-nauczyciela.pl\/wp-content\/uploads\/2024\/03\/Kalendarze_nauczyciela_bordo.jpg\" alt=\"\" class=\"wp-image-48\"\/><\/figure>\n\n\n\n<figure class=\"wp-block-image size-full\"><img loading=\"lazy\" decoding=\"async\" width=\"151\" height=\"250\" src=\"https:\/\/kalendarz-nauczyciela.pl\/wp-content\/uploads\/2024\/03\/Kalendarze_nauczyciela_szary.jpg\" alt=\"\" class=\"wp-image-51\"\/><\/figure>\n<\/div>\n<\/div>\n\n\n\n<div class=\"wp-block-columns is-layout-flex wp-container-core-columns-is-layout-9d6595d7 wp-block-columns-is-layout-flex\">\n<div class=\"wp-block-column is-layout-flow wp-block-column-is-layout-flow\" style=\"flex-basis:600px\">\n<p>W ofercie &#8211;&nbsp;<a href=\"https:\/\/drukarnia.chorzow.pl\/k82_103_118-kalendarze-nauczyciela.htm\"><strong>kalendarze nauczyciela na rok 2024\/2025<\/strong>&nbsp;<\/a>posiadamy 2 nowe modele:<\/p>\n\n\n\n<ul class=\"wp-block-list\">\n<li><a href=\"https:\/\/drukarnia.chorzow.pl\/p2139-kalendarze-nauczyciela-pcv.htm\">z mi\u0119kk\u0105 ok\u0142adk\u0105 ze sztucznego tworzywa&nbsp;<\/a>PCV &#8211; formatu A5<\/li>\n\n\n\n<li><a href=\"https:\/\/drukarnia.chorzow.pl\/p4586-kalendarz-nauczyciela-a5-dzienny-z-gumka.htm\">z ok\u0142adk\u0105 sk\u00f3ropodobn\u0105&nbsp;<\/a>NEBRASKA &#8211; formatu A5<\/li>\n<\/ul>\n\n\n\n<p>Ok\u0142adka w kalendarzach nauczyciela PCV mo\u017ce by\u0107 znakowana nadrukiem. Jednak us\u0142uga znakowania znacznie mniej kosztuje w wersji VIVELLA.<\/p>\n\n\n\n<p><strong>Kalendarze nauczyciela na rok 2024\/2025<\/strong>\u00a0s\u0105 dost\u0119pne w naszym sklepie\u00a0<strong><a href=\"https:\/\/drukarnia.chorzow.pl\/k82_103_118-kalendarze-nauczyciela.htm\"><u>TUTAJ<\/u><\/a><\/strong>, a wycen\u0119 i zakup mo\u017cna zrobi\u0107 online (od r\u0119ki).<\/p>\n<\/div>\n<\/div>\n\n\n\n<div class=\"wp-block-columns is-layout-flex wp-container-core-columns-is-layout-9d6595d7 wp-block-columns-is-layout-flex\">\n<div class=\"wp-block-column is-vertically-aligned-center is-layout-flow wp-block-column-is-layout-flow\" style=\"flex-basis:250px\">\n<figure class=\"wp-block-image size-full\"><img loading=\"lazy\" decoding=\"async\" width=\"250\" height=\"413\" src=\"https:\/\/kalendarz-nauczyciela.pl\/wp-content\/uploads\/2024\/03\/kalendarz_nauczyciela_czarny_dzienny.jpg\" alt=\"\" class=\"wp-image-44\" srcset=\"https:\/\/kalendarz-nauczyciela.pl\/wp-content\/uploads\/2024\/03\/kalendarz_nauczyciela_czarny_dzienny.jpg 250w, https:\/\/kalendarz-nauczyciela.pl\/wp-content\/uploads\/2024\/03\/kalendarz_nauczyciela_czarny_dzienny-182x300.jpg 182w\" sizes=\"auto, (max-width: 250px) 100vw, 250px\" \/><\/figure>\n<\/div>\n\n\n\n<div class=\"wp-block-column is-vertically-aligned-center is-layout-flow wp-block-column-is-layout-flow\" style=\"flex-basis:250px\">\n<figure class=\"wp-block-image size-full\"><img loading=\"lazy\" decoding=\"async\" width=\"250\" height=\"417\" src=\"https:\/\/kalendarz-nauczyciela.pl\/wp-content\/uploads\/2024\/03\/Kalendarze_nauczyciela_brazowy.jpg\" alt=\"\" class=\"wp-image-49\" srcset=\"https:\/\/kalendarz-nauczyciela.pl\/wp-content\/uploads\/2024\/03\/Kalendarze_nauczyciela_brazowy.jpg 250w, https:\/\/kalendarz-nauczyciela.pl\/wp-content\/uploads\/2024\/03\/Kalendarze_nauczyciela_brazowy-180x300.jpg 180w\" sizes=\"auto, (max-width: 250px) 100vw, 250px\" \/><\/figure>\n<\/div>\n<\/div>\n","protected":false},"excerpt":{"rendered":"<p>\u00a0 \u2192 &nbsp; Zobacz pe\u0142n\u0105 ofert\u0119 i zam\u00f3w OnLine &nbsp; \u2190 Kalendarze nauczyciela (nauczycielskie) w ok\u0142adce sk\u00f3ropodobnej&nbsp; wykonane s\u0105 z trwa\u0142ego materia\u0142u przeznaczonego do wielokrotnego, codziennego u\u017cytku. Kalendarze nauczyciela zawieraj\u0105 szereg niezb\u0119dnych formularzy oraz kart informacyjnych przydatnych nauczycielom: Terminarz nauczycielski ma format A5 w uk\u0142adzie tygodniowym. W ofercie &#8211;&nbsp;kalendarze nauczyciela na rok 2024\/2025&nbsp;posiadamy 2 modele: &hellip; <\/p>\n<p class=\"link-more\"><a href=\"https:\/\/kalendarz-nauczyciela.pl\/\" class=\"more-link\">Czytaj dalej<span class=\"screen-reader-text\"> \u201eInformacje\u201d<\/span><\/a><\/p>\n","protected":false},"author":1,"featured_media":0,"parent":0,"menu_order":0,"comment_status":"closed","ping_status":"closed","template":"","meta":{"footnotes":""},"class_list":["post-10","page","type-page","status-publish","hentry"],"_links":{"self":[{"href":"https:\/\/kalendarz-nauczyciela.pl\/index.php\/wp-json\/wp\/v2\/pages\/10","targetHints":{"allow":["GET"]}}],"collection":[{"href":"https:\/\/kalendarz-nauczyciela.pl\/index.php\/wp-json\/wp\/v2\/pages"}],"about":[{"href":"https:\/\/kalendarz-nauczyciela.pl\/index.php\/wp-json\/wp\/v2\/types\/page"}],"author":[{"embeddable":true,"href":"https:\/\/kalendarz-nauczyciela.pl\/index.php\/wp-json\/wp\/v2\/users\/1"}],"replies":[{"embeddable":true,"href":"https:\/\/kalendarz-nauczyciela.pl\/index.php\/wp-json\/wp\/v2\/comments?post=10"}],"version-history":[{"count":52,"href":"https:\/\/kalendarz-nauczyciela.pl\/index.php\/wp-json\/wp\/v2\/pages\/10\/revisions"}],"predecessor-version":[{"id":104,"href":"https:\/\/kalendarz-nauczyciela.pl\/index.php\/wp-json\/wp\/v2\/pages\/10\/revisions\/104"}],"wp:attachment":[{"href":"https:\/\/kalendarz-nauczyciela.pl\/index.php\/wp-json\/wp\/v2\/media?parent=10"}],"curies":[{"name":"wp","href":"https:\/\/api.w.org\/{rel}","templated":true}]}}